{"id":39,"date":"2026-03-19T15:25:23","date_gmt":"2026-03-19T15:25:23","guid":{"rendered":"https:\/\/wiva-bet.fr\/?page_id=39"},"modified":"2026-03-26T08:57:15","modified_gmt":"2026-03-26T08:57:15","slug":"accueil","status":"publish","type":"page","link":"https:\/\/wiva-bet.fr\/","title":{"rendered":"Accueil"},"content":{"rendered":"\t\t<div data-elementor-type=\"wp-page\" data-elementor-id=\"39\" class=\"elementor elementor-39\">\n\t\t\t\t<div class=\"elementor-element elementor-element-56523c1 e-flex e-con-boxed e-con e-parent\" data-id=\"56523c1\" data-element_type=\"container\" data-e-type=\"container\" data-settings=\"{&quot;background_background&quot;:&quot;classic&quot;}\">\n\t\t\t\t\t<div class=\"e-con-inner\">\n\t\t\t\t<div class=\"elementor-element elementor-element-3f14a7d elementor-widget__width-inherit elementor-widget elementor-widget-text-editor\" data-id=\"3f14a7d\" data-element_type=\"widget\" data-e-type=\"widget\" data-widget_type=\"text-editor.default\">\n\t\t\t\t\t\t\t\t\t<h2><b>&nbsp;<\/b><\/h2>\n<h2><b>Bureau d&rsquo;\u00e9tudes&nbsp;<\/b><\/h2>\n<h2><b>&amp; Ma\u00eetrise d&rsquo;oeuvre TCE<\/b><\/h2>\n<p>Conception, pilotage et optimisation de vos projets.<\/p>\t\t\t\t\t\t\t\t<\/div>\n\t\t\t\t<div class=\"elementor-element elementor-element-3a104c7 elementor-widget__width-inherit elementor-widget elementor-widget-text-editor\" data-id=\"3a104c7\" data-element_type=\"widget\" data-e-type=\"widget\" data-widget_type=\"text-editor.default\">\n\t\t\t\t\t\t\t\t\t<p><span style=\"color: #ffffff;\"><b>Logements &#8211; Tertiaire &#8211; Industrie<\/b><\/span><\/p><p><span style=\"color: #ffffff;\"><b><br><\/b><\/span><\/p>\t\t\t\t\t\t\t\t<\/div>\n\t\t\t\t<div class=\"elementor-element elementor-element-e2f94f8 elementor-align-left elementor-widget elementor-widget-button\" data-id=\"e2f94f8\" data-element_type=\"widget\" data-e-type=\"widget\" data-widget_type=\"button.default\">\n\t\t\t\t\t\t\t\t\t\t<a class=\"elementor-button elementor-button-link elementor-size-sm\" href=\"#\">\n\t\t\t\t\t\t<span class=\"elementor-button-content-wrapper\">\n\t\t\t\t\t\t\t\t\t<span class=\"elementor-button-text\">Nous contacter<\/span>\n\t\t\t\t\t<\/span>\n\t\t\t\t\t<\/a>\n\t\t\t\t\t\t\t\t<\/div>\n\t\t\t\t\t<\/div>\n\t\t\t\t<\/div>\n\t\t<div class=\"elementor-element elementor-element-175e53a e-flex e-con-boxed e-con e-parent\" data-id=\"175e53a\" data-element_type=\"container\" data-e-type=\"container\" data-settings=\"{&quot;background_background&quot;:&quot;classic&quot;}\">\n\t\t\t\t\t<div class=\"e-con-inner\">\n\t\t<div class=\"elementor-element elementor-element-ddb58c2 e-con-full e-flex e-con e-child\" data-id=\"ddb58c2\" data-element_type=\"container\" data-e-type=\"container\">\n\t\t\t\t<div class=\"elementor-element elementor-element-4bbd3ea elementor-widget__width-initial elementor-widget elementor-widget-heading\" data-id=\"4bbd3ea\" data-element_type=\"widget\" data-e-type=\"widget\" data-widget_type=\"heading.default\">\n\t\t\t\t\t<h2 class=\"elementor-heading-title elementor-size-default\">Qui sommes-nous ?<\/h2>\t\t\t\t<\/div>\n\t\t\t\t<\/div>\n\t\t\t\t<div class=\"elementor-element elementor-element-fcd7a92 elementor-widget elementor-widget-text-editor\" data-id=\"fcd7a92\" data-element_type=\"widget\" data-e-type=\"widget\" data-widget_type=\"text-editor.default\">\n\t\t\t\t\t\t\t\t\t<p>WIVA accompagne les ma\u00eetres d&rsquo;ouvrage dans la conception et la r\u00e9alisation de leurs projets, avec une approche globale int\u00e9grant technique, \u00e9conomie et suivi de chantier.<\/p>\t\t\t\t\t\t\t\t<\/div>\n\t\t<div class=\"elementor-element elementor-element-8113486 e-con-full e-flex e-con e-child\" data-id=\"8113486\" data-element_type=\"container\" data-e-type=\"container\">\n\t\t\t\t<\/div>\n\t\t\t\t\t<\/div>\n\t\t\t\t<\/div>\n\t\t\t\t<\/div>\n\t\t","protected":false},"excerpt":{"rendered":"<p>&nbsp; Bureau d&rsquo;\u00e9tudes&nbsp; &amp; Ma\u00eetrise d&rsquo;oeuvre TCE Conception, pilotage et optimisation de vos projets. Logements &#8211; Tertiaire &#8211; Industrie Nous contacter Qui sommes-nous ? WIVA accompagne les ma\u00eetres d&rsquo;ouvrage dans la conception et la r\u00e9alisation de leurs projets, avec une approche globale int\u00e9grant technique, \u00e9conomie et suivi de chantier.<\/p>\n","protected":false},"author":1,"featured_media":0,"parent":0,"menu_order":0,"comment_status":"closed","ping_status":"closed","template":"","meta":{"footnotes":""},"class_list":["post-39","page","type-page","status-publish","hentry"],"_links":{"self":[{"href":"https:\/\/wiva-bet.fr\/index.php\/wp-json\/wp\/v2\/pages\/39","targetHints":{"allow":["GET"]}}],"collection":[{"href":"https:\/\/wiva-bet.fr\/index.php\/wp-json\/wp\/v2\/pages"}],"about":[{"href":"https:\/\/wiva-bet.fr\/index.php\/wp-json\/wp\/v2\/types\/page"}],"author":[{"embeddable":true,"href":"https:\/\/wiva-bet.fr\/index.php\/wp-json\/wp\/v2\/users\/1"}],"replies":[{"embeddable":true,"href":"https:\/\/wiva-bet.fr\/index.php\/wp-json\/wp\/v2\/comments?post=39"}],"version-history":[{"count":13,"href":"https:\/\/wiva-bet.fr\/index.php\/wp-json\/wp\/v2\/pages\/39\/revisions"}],"predecessor-version":[{"id":93,"href":"https:\/\/wiva-bet.fr\/index.php\/wp-json\/wp\/v2\/pages\/39\/revisions\/93"}],"wp:attachment":[{"href":"https:\/\/wiva-bet.fr\/index.php\/wp-json\/wp\/v2\/media?parent=39"}],"curies":[{"name":"wp","href":"https:\/\/api.w.org\/{rel}","templated":true}]}}